{"id":41,"date":"2024-05-31T17:34:16","date_gmt":"2024-05-31T08:34:16","guid":{"rendered":"https:\/\/www.lsse.kyutech.ac.jp\/~robocup\/?page_id=41"},"modified":"2024-05-31T17:50:48","modified_gmt":"2024-05-31T08:50:48","slug":"technologies","status":"publish","type":"page","link":"https:\/\/www.lsse.kyutech.ac.jp\/~robocup\/technologies","title":{"rendered":"Technologies"},"content":{"rendered":"\n<h2 class=\"wp-block-heading\">Soccer Robot &#8220;Musashi&#8221;<\/h2>\n\n\n\n<div class=\"wp-block-columns is-layout-flex wp-container-core-columns-is-layout-28f84493 wp-block-columns-is-layout-flex\">\n<div class=\"wp-block-column is-layout-flow wp-block-column-is-layout-flow\">\n<figure class=\"wp-block-table is-style-stripes\"><table><tbody><tr><td>Size<\/td><td>500 \u00d7 500 \u00d7 800 [mm]<\/td><\/tr><tr><td>Weight<\/td><td>30.0 [kg]<\/td><\/tr><tr><td>Actuator<\/td><td>DC-Motor \u00d7 3 (24 [V], 150 [W])<\/td><\/tr><tr><td>Battery<\/td><td>Ni-MH Battery \u00d7 2 for motioning<\/td><\/tr><tr><td>Kicking Device<\/td><td>Solenoid coil<\/td><\/tr><tr><td>Shoot Speed<\/td><td>1.5\uff5e5.0 [m\/s]<\/td><\/tr><tr><td>Maximum acceleration<\/td><td>2.1 [m\/s<sup>2<\/sup> ]<\/td><\/tr><tr><td>Maximum Speed<\/td><td>3.5 [m\/s]<\/td><\/tr><tr><td>Sensor<\/td><td>Omni-directional camera \u00d7 1<br>Electrical compass \u00d7 1<br>DC-Motor Encoder \u00d7 5<\/td><\/tr><tr><td>Motor Driver<\/td><td>EPOS2 70\/10 \u00d7 3<br>EPOS2 50\/5 \u00d7 2<\/td><\/tr><\/tbody><\/table><\/figure>\n<\/div>\n\n\n\n<div class=\"wp-block-column is-layout-flow wp-block-column-is-layout-flow\">\n<figure class=\"wp-block-gallery has-nested-images columns-default is-cropped wp-block-gallery-1 is-layout-flex wp-block-gallery-is-layout-flex\">\n<figure class=\"wp-block-image size-full\"><img loading=\"lazy\" decoding=\"async\" width=\"758\" height=\"684\" data-id=\"24\" src=\"https:\/\/www.lsse.kyutech.ac.jp\/~robocup\/wp-content\/uploads\/2024\/05\/musashi.png\" alt=\"\" class=\"wp-image-24\" srcset=\"https:\/\/www.lsse.kyutech.ac.jp\/~robocup\/wp-content\/uploads\/2024\/05\/musashi.png 758w, https:\/\/www.lsse.kyutech.ac.jp\/~robocup\/wp-content\/uploads\/2024\/05\/musashi-300x271.png 300w\" sizes=\"auto, (max-width: 758px) 100vw, 758px\" \/><figcaption class=\"wp-element-caption\">\u30b5\u30c3\u30ab\u30fc\u30ed\u30dc\u30c3\u30c8 &#8220;Musashi&#8221;<\/figcaption><\/figure>\n<\/figure>\n<\/div>\n<\/div>\n\n\n\n<figure class=\"wp-block-gallery has-nested-images columns-default is-cropped wp-block-gallery-2 is-layout-flex wp-block-gallery-is-layout-flex\">\n<figure class=\"wp-block-image size-large\"><img loading=\"lazy\" decoding=\"async\" width=\"1024\" height=\"683\" data-id=\"11\" src=\"https:\/\/www.lsse.kyutech.ac.jp\/~robocup\/wp-content\/uploads\/2024\/05\/header_1-1024x683.jpg\" alt=\"\" class=\"wp-image-11\" srcset=\"https:\/\/www.lsse.kyutech.ac.jp\/~robocup\/wp-content\/uploads\/2024\/05\/header_1-1024x683.jpg 1024w, https:\/\/www.lsse.kyutech.ac.jp\/~robocup\/wp-content\/uploads\/2024\/05\/header_1-300x200.jpg 300w, https:\/\/www.lsse.kyutech.ac.jp\/~robocup\/wp-content\/uploads\/2024\/05\/header_1-768x512.jpg 768w, https:\/\/www.lsse.kyutech.ac.jp\/~robocup\/wp-content\/uploads\/2024\/05\/header_1-1536x1024.jpg 1536w, https:\/\/www.lsse.kyutech.ac.jp\/~robocup\/wp-content\/uploads\/2024\/05\/header_1.jpg 2048w\" sizes=\"auto, (max-width: 1024px) 100vw, 1024px\" \/><figcaption class=\"wp-element-caption\">\u30c1\u30fc\u30e0 Hibikino-Musashi<\/figcaption><\/figure>\n\n\n\n<figure class=\"wp-block-image size-large\"><img loading=\"lazy\" decoding=\"async\" width=\"1024\" height=\"683\" data-id=\"32\" src=\"https:\/\/www.lsse.kyutech.ac.jp\/~robocup\/wp-content\/uploads\/2024\/05\/toppage_conent_1-1024x683.jpg\" alt=\"\" class=\"wp-image-32\" srcset=\"https:\/\/www.lsse.kyutech.ac.jp\/~robocup\/wp-content\/uploads\/2024\/05\/toppage_conent_1-1024x683.jpg 1024w, https:\/\/www.lsse.kyutech.ac.jp\/~robocup\/wp-content\/uploads\/2024\/05\/toppage_conent_1-300x200.jpg 300w, https:\/\/www.lsse.kyutech.ac.jp\/~robocup\/wp-content\/uploads\/2024\/05\/toppage_conent_1-768x512.jpg 768w, https:\/\/www.lsse.kyutech.ac.jp\/~robocup\/wp-content\/uploads\/2024\/05\/toppage_conent_1-1536x1024.jpg 1536w, https:\/\/www.lsse.kyutech.ac.jp\/~robocup\/wp-content\/uploads\/2024\/05\/toppage_conent_1.jpg 2048w\" sizes=\"auto, (max-width: 1024px) 100vw, 1024px\" \/><figcaption class=\"wp-element-caption\">\u30ed\u30dc\u30c3\u30c8\u306b\u3088\u308b\u30b5\u30c3\u30ab\u30fc<\/figcaption><\/figure>\n\n\n\n<figure class=\"wp-block-image size-large\"><img loading=\"lazy\" decoding=\"async\" width=\"1024\" height=\"683\" data-id=\"27\" src=\"https:\/\/www.lsse.kyutech.ac.jp\/~robocup\/wp-content\/uploads\/2024\/05\/playing_musashi-1024x683.jpg\" alt=\"\" class=\"wp-image-27\" srcset=\"https:\/\/www.lsse.kyutech.ac.jp\/~robocup\/wp-content\/uploads\/2024\/05\/playing_musashi-1024x683.jpg 1024w, https:\/\/www.lsse.kyutech.ac.jp\/~robocup\/wp-content\/uploads\/2024\/05\/playing_musashi-300x200.jpg 300w, https:\/\/www.lsse.kyutech.ac.jp\/~robocup\/wp-content\/uploads\/2024\/05\/playing_musashi-768x512.jpg 768w, https:\/\/www.lsse.kyutech.ac.jp\/~robocup\/wp-content\/uploads\/2024\/05\/playing_musashi-1536x1024.jpg 1536w, https:\/\/www.lsse.kyutech.ac.jp\/~robocup\/wp-content\/uploads\/2024\/05\/playing_musashi.jpg 2048w\" sizes=\"auto, (max-width: 1024px) 100vw, 1024px\" \/><figcaption class=\"wp-element-caption\">\u8a66\u5408\u306e\u69d8\u5b50<\/figcaption><\/figure>\n<\/figure>\n\n\n\n<h2 class=\"wp-block-heading\">Video<\/h2>\n\n\n\n<div class=\"wp-block-columns is-layout-flex wp-container-core-columns-is-layout-28f84493 wp-block-columns-is-layout-flex\">\n<div class=\"wp-block-column is-layout-flow wp-block-column-is-layout-flow\">\n<figure class=\"wp-block-embed is-type-video is-provider-youtube wp-block-embed-youtube wp-embed-aspect-16-9 wp-has-aspect-ratio\"><div class=\"wp-block-embed__wrapper\">\n<iframe loading=\"lazy\" title=\"Hibikino Musashi Qualification Video 2021\" width=\"1290\" height=\"726\" src=\"https:\/\/www.youtube.com\/embed\/wQZ3a2xZ_40?feature=oembed\" frameborder=\"0\" allow=\"accelerometer; autoplay; clipboard-write; encrypted-media; gyroscope; picture-in-picture; web-share\" referrerpolicy=\"strict-origin-when-cross-origin\" allowfullscreen><\/iframe>\n<\/div><\/figure>\n<\/div>\n\n\n\n<div class=\"wp-block-column is-layout-flow wp-block-column-is-layout-flow\">\n<figure class=\"wp-block-embed is-type-video is-provider-youtube wp-block-embed-youtube wp-embed-aspect-16-9 wp-has-aspect-ratio\"><div class=\"wp-block-embed__wrapper\">\n<iframe loading=\"lazy\" title=\"RoboCup Asia Pacific 2021 Aichi Japan2\" width=\"1290\" height=\"726\" src=\"https:\/\/www.youtube.com\/embed\/zh4aLbh0ml8?feature=oembed\" frameborder=\"0\" allow=\"accelerometer; autoplay; clipboard-write; encrypted-media; gyroscope; picture-in-picture; web-share\" referrerpolicy=\"strict-origin-when-cross-origin\" allowfullscreen><\/iframe>\n<\/div><\/figure>\n<\/div>\n<\/div>\n","protected":false},"excerpt":{"rendered":"<p>Soccer Robot &#8220;Musashi&#8221; Size 500 \u00d7 500 \u00d7 800 [mm] Weight 30.0 [kg] Actuator DC-Motor \u00d7 3 (24 [V], 1 [&hellip;]<\/p>\n","protected":false},"author":1,"featured_media":0,"parent":0,"menu_order":0,"comment_status":"closed","ping_status":"closed","template":"","meta":{"footnotes":""},"class_list":["post-41","page","type-page","status-publish","hentry"],"blocksy_meta":[],"_links":{"self":[{"href":"https:\/\/www.lsse.kyutech.ac.jp\/~robocup\/wp-json\/wp\/v2\/pages\/41","targetHints":{"allow":["GET"]}}],"collection":[{"href":"https:\/\/www.lsse.kyutech.ac.jp\/~robocup\/wp-json\/wp\/v2\/pages"}],"about":[{"href":"https:\/\/www.lsse.kyutech.ac.jp\/~robocup\/wp-json\/wp\/v2\/types\/page"}],"author":[{"embeddable":true,"href":"https:\/\/www.lsse.kyutech.ac.jp\/~robocup\/wp-json\/wp\/v2\/users\/1"}],"replies":[{"embeddable":true,"href":"https:\/\/www.lsse.kyutech.ac.jp\/~robocup\/wp-json\/wp\/v2\/comments?post=41"}],"version-history":[{"count":3,"href":"https:\/\/www.lsse.kyutech.ac.jp\/~robocup\/wp-json\/wp\/v2\/pages\/41\/revisions"}],"predecessor-version":[{"id":66,"href":"https:\/\/www.lsse.kyutech.ac.jp\/~robocup\/wp-json\/wp\/v2\/pages\/41\/revisions\/66"}],"wp:attachment":[{"href":"https:\/\/www.lsse.kyutech.ac.jp\/~robocup\/wp-json\/wp\/v2\/media?parent=41"}],"curies":[{"name":"wp","href":"https:\/\/api.w.org\/{rel}","templated":true}]}}